{"id":14508,"date":"2021-09-19T23:57:00","date_gmt":"2021-09-19T21:57:00","guid":{"rendered":"https:\/\/carnetpsy.fr\/?page_id=14508"},"modified":"2022-05-27T16:20:30","modified_gmt":"2022-05-27T14:20:30","slug":"abonnements","status":"publish","type":"page","link":"http:\/\/cp.1642.studio\/gj118060-ovh\/abonnements\/","title":{"rendered":"Abonnements"},"content":{"rendered":"\n<p>D\u00e9couvrez nos principales offres d&rsquo;abonnement. Nous sommes \u00e0 votre disposition \u00e0 carnetpsy@gmail.com en cas de questions.<\/p>\n","protected":false},"excerpt":{"rendered":"<p>D\u00e9couvrez nos principales offres d&rsquo;abonnement. Nous sommes \u00e0 votre disposition \u00e0 carnetpsy@gmail.com en cas de questions.<\/p>\n","protected":false},"author":2,"featured_media":0,"parent":0,"menu_order":0,"comment_status":"closed","ping_status":"closed","template":"template-page-abonnements.php","meta":{"footnotes":""},"class_list":["post-14508","page","type-page","status-publish","hentry"],"acf":[],"_links":{"self":[{"href":"http:\/\/cp.1642.studio\/gj118060-ovh\/wp-json\/wp\/v2\/pages\/14508","targetHints":{"allow":["GET"]}}],"collection":[{"href":"http:\/\/cp.1642.studio\/gj118060-ovh\/wp-json\/wp\/v2\/pages"}],"about":[{"href":"http:\/\/cp.1642.studio\/gj118060-ovh\/wp-json\/wp\/v2\/types\/page"}],"author":[{"embeddable":true,"href":"http:\/\/cp.1642.studio\/gj118060-ovh\/wp-json\/wp\/v2\/users\/2"}],"replies":[{"embeddable":true,"href":"http:\/\/cp.1642.studio\/gj118060-ovh\/wp-json\/wp\/v2\/comments?post=14508"}],"version-history":[{"count":14,"href":"http:\/\/cp.1642.studio\/gj118060-ovh\/wp-json\/wp\/v2\/pages\/14508\/revisions"}],"predecessor-version":[{"id":24164,"href":"http:\/\/cp.1642.studio\/gj118060-ovh\/wp-json\/wp\/v2\/pages\/14508\/revisions\/24164"}],"wp:attachment":[{"href":"http:\/\/cp.1642.studio\/gj118060-ovh\/wp-json\/wp\/v2\/media?parent=14508"}],"curies":[{"name":"wp","href":"https:\/\/api.w.org\/{rel}","templated":true}]}}